{"id":3,"date":"2023-10-12T15:41:24","date_gmt":"2023-10-12T15:41:24","guid":{"rendered":"https:\/\/127.0.0.1\/?page_id=3"},"modified":"2024-09-03T09:34:09","modified_gmt":"2024-09-03T07:34:09","slug":"politique-de-confidentialite","status":"publish","type":"page","link":"https:\/\/kalisio.com\/en\/politique-de-confidentialite\/","title":{"rendered":"Privacy policy"},"content":{"rendered":"<h2 class=\"wp-block-heading\">A. General Overview<\/h2>\n\n\n\n<p class=\"translation-block\">This Privacy Policy applies to visitors to the <strong>Kalisio<\/strong> websites. If you are a visitor located in the European Union, your personal data is processed in accordance with <em>Regulation (EU) 2016\/679 of April 27, 2016 (RGPD)<\/em>.<\/p>\n\n\n\n<h2 class=\"wp-block-heading\">B. Collecting and Using Data from Visitors to the Websites<\/h2>\n\n\n\n<h3 class=\"wp-block-heading\">1. Data collected on Visitors to the Websites<\/h3>\n\n\n\n<p>We collect the following data when you use our Websites:<\/p>\n\n\n\n<h6 class=\"wp-block-heading\"><strong>\u2013 Contact informations<\/strong> :<\/h6>\n\n\n\n<p class=\"translation-block\">If you submit a request for information or a question through the Websites, you may be asked to provide us with essential data, including your name, e-mail address, telephone number and mailing address.<br>\nWe will also keep a record of our communication with you, the question or request you raised and how it was resolved.<br>\nIf you choose to participate in a <em>Kalisio<\/em> sweepstakes, contest or research study offered through the Websites, we will also collect your basic contact information in connection with that activity.<\/p>\n\n\n\n<h6 class=\"wp-block-heading\"><strong>\u2013 Usage data<\/strong> :<\/h6>\n\n\n\n<p class=\"translation-block\">As you browse the Websites, we and our service providers (which are third-party companies that work on our behalf to provide and improve the Websites) use a variety of technologies, including cookies and similar tools, to help collect data about how you use the Websites.<br>\nFor example, our servers automatically record certain data in server logs.<br>\nThese server logs may include data such as your web request, IP address, browser type and settings, referring and exit pages and URLs, number of clicks and your interaction with links on the Websites, domain names, destination pages, page views, mobile operators, mobile device identifiers, data about the device you use to access the Websites, date and time information, and other similar data.<\/p>\n\n\n\n<h6 class=\"wp-block-heading\"><strong>\u2013 Location data<\/strong> :<\/h6>\n\n\n\n<p>We collect and process general data about the location of the device from which you access the Service (for example, the approximate geographic location deduced from an IP address).<\/p>\n\n\n\n<h3 class=\"wp-block-heading\">2. Cookies and Similar Technologies<\/h3>\n\n\n\n<p>In order to collect the Web Site Usage Data referred to above, we and our service providers use web server logs, cookies, beacons, SDKs, tracking pixels and other similar tracking technologies. A web server log is a file in which website activity is stored. An SDK is a section of code that we integrate into our applications and software to enable third parties to collect data on how users interact with the Websites. A cookie is a small text file, placed on your computer or mobile device when you visit a site, which allows us to :<\/p>\n\n\n\n<ul class=\"wp-block-list\">\n<li>recognize your computer and your connection session ;<\/li>\n\n\n\n<li>store your preferences and settings ;<\/li>\n\n\n\n<li> understand which pages of the Websites you have visited ;<\/li>\n\n\n\n<li>improve your user experience by providing and measuring the effectiveness of content tailored to your interests ;<\/li>\n\n\n\n<li>perform analyses ;<\/li>\n\n\n\n<li>assist security and administrative functions. Tracking pixels (sometimes referred to as web beacons) are tiny electronic tags with a unique identifier embedded in Web sites and\/or e-mails, and are designed to provide usage data such as ad impressions or clicks, e-mail open rates, Web Site popularity metrics and to access user cookies. As we adopt other technologies, we may also collect data by other methods.<\/li>\n<\/ul>\n\n\n\n<p class=\"translation-block\">Please note that you can change your settings to be notified when a cookie is deposited or updated, or to block cookies altogether.<br>\nPlease consult the \u201cHelp\u201d section of your browser for more information (e.g. Internet Explorer; Google Chrome; Mozilla Firefox; or Apple Safari).<\/p>\n\n\n\n<h3 class=\"wp-block-heading\">3. Using Data Collected from Website Visitors<\/h3>\n\n\n\n<p>We use data collected from Visitors to the Web Sites for a variety of purposes, including :<\/p>\n\n\n\n<ul class=\"wp-block-list\">\n<li class=\"translation-block\">Maintaining, providing and improving the Websites and the Service o Responding to your requests for information o In accordance with applicable legal obligations, communicating with you about <em>Kalisio<\/em> promotions, offers and news. You have the option of unsubscribing from these promotional communications.<\/li>\n\n\n\n<li>Prevent or resolve technical or security problems<\/li>\n\n\n\n<li>To investigate in good faith suspected violations of our Terms of Service<\/li>\n\n\n\n<li>Help us better understand the interests and needs of Website Visitors, and customize the advertising and content you see on the Websites<\/li>\n\n\n\n<li>To conduct analysis and research regarding the use of the Websites and the Service.<\/li>\n<\/ul>\n\n\n\n<h2 class=\"wp-block-heading\">C. Legal Basis<\/h2>\n\n\n\n<p>If you reside in the EU, please note that, in accordance with Article 6 of the GDPR, the legal bases of the GDPR for the use of the data we collect through your use of the Websites as a Visitor to the Websites are as follows:<\/p>\n\n\n\n<ul class=\"wp-block-list\">\n<li>Where the use of your data is necessary for the performance of our obligations under a contract with you you (for example, to comply with the Terms of Service that you accept by browsing the Websites)<\/li>\n\n\n\n<li>Where the use of your data is necessary for our legitimate interests or for the legitimate interests of others (for example, to ensure the security of our Websites, to operate our Websites, to prevent fraud, to analyze usage and improve our Websites, and for similar purposes).<\/li>\n\n\n\n<li>Where the use of your data is necessary to comply with a legal obligation<\/li>\n\n\n\n<li>Where we have your consent to process data in a certain way<\/li>\n<\/ul>\n\n\n\n<h2 class=\"wp-block-heading\">D. Data sharing and retention<\/h2>\n\n\n\n<p>We only share your data with our affiliates, service providers, and in the context of business transfers. We retain your data for the period necessary to fulfill the purposes described above.<\/p>\n\n\n\n<h6 class=\"wp-block-heading\"><strong>Aggregated\/Depersonalized Data: <\/strong><\/h6>\n\n\n\n<p>We may aggregate and\/or de-identify data collected so that it can no longer be linked to you or your device. This data may be used for a variety of purposes, including research and analysis. It may be shared with third parties such as advertising and promotional partners.<\/p>\n\n\n\n<h2 class=\"wp-block-heading\">E. Rights of data subjects<\/h2>\n\n\n\n<p class=\"translation-block\">You have rights concerning your personal data. These include access, rectification, deletion and restriction of the processing of your data. You can exercise your rights by contacting us using the contact details provided in the <a href=\"https:\/\/wordpress.portal.kalisio.com\/mentions-legales\/\" target=\"_self\">Legal Notice<\/a>.<\/p>\n\n\n\n<h2 class=\"wp-block-heading\">F. Links and Third-Party Services<\/h2>\n\n\n\n<p>The Websites may contain links to third-party websites and services. The collection, use and disclosure of your personal information on these sites and services are governed by their respective privacy policies.<\/p>\n\n\n\n<p class=\"translation-block\">For more information on the legal aspects and disclaimers of the <em>Kalisio<\/em> Web Sites, please see our <a href=\"https:\/\/wordpress.portal.kalisio.com\/mentions-legales\/\" target=\"_self\">Legal Notice<\/a>.<\/p>","protected":false},"excerpt":{"rendered":"<p>A. Vue d\u2019ensemble Cette Politique de Confidentialit\u00e9 s&rsquo;applique aux visiteurs des sites Web de Kalisio. Si vous \u00eates un visiteur situ\u00e9 dans l&rsquo;Union Europ\u00e9enne, vos donn\u00e9es personnelles sont trait\u00e9es conform\u00e9ment au R\u00e8glement (UE) 2016\/679 du 27 avril 2016 (RGPD). B. Collecte et Utilisation des Donn\u00e9es des Visiteurs des Sites 1. Donn\u00e9es collect\u00e9es sur les Visiteurs <a href=\"https:\/\/kalisio.com\/en\/politique-de-confidentialite\/\" class=\"more-link\">&#8230;<span class=\"screen-reader-text\">  Privacy policy<\/span><\/a><\/p>","protected":false},"author":1,"featured_media":0,"parent":0,"menu_order":0,"comment_status":"closed","ping_status":"open","template":"","meta":{"_acf_changed":false,"footnotes":""},"class_list":["post-3","page","type-page","status-publish","hentry"],"acf":[],"yoast_head":"<!-- This site is optimized with the Yoast SEO plugin v23.6 - https:\/\/yoast.com\/wordpress\/plugins\/seo\/ -->\n<title>Politique de confidentialit\u00e9 - Kalisio<\/title>\n<meta name=\"description\" content=\"La pr\u00e9sente Politique ne s\u2019applique qu\u2019aux Visiteurs des Sites Web.Si vous visitez les sites Web, les r\u00e8gles suivantes s\u2019appliquent \u00e0 vous.\" \/>\n<meta name=\"robots\" content=\"index, follow, max-snippet:-1, max-image-preview:large, max-video-preview:-1\" \/>\n<link rel=\"canonical\" href=\"https:\/\/10.2.1.124:8443\/politique-de-confidentialite\/\" \/>\n<meta property=\"og:locale\" content=\"en_US\" \/>\n<meta property=\"og:type\" content=\"article\" \/>\n<meta property=\"og:title\" content=\"Politique de confidentialit\u00e9 - Kalisio\" \/>\n<meta property=\"og:description\" content=\"La pr\u00e9sente Politique ne s\u2019applique qu\u2019aux Visiteurs des Sites Web.Si vous visitez les sites Web, les r\u00e8gles suivantes s\u2019appliquent \u00e0 vous.\" \/>\n<meta property=\"og:url\" content=\"https:\/\/10.2.1.124:8443\/politique-de-confidentialite\/\" \/>\n<meta property=\"og:site_name\" content=\"Kalisio\" \/>\n<meta property=\"article:modified_time\" content=\"2024-09-03T07:34:09+00:00\" \/>\n<meta name=\"twitter:card\" content=\"summary_large_image\" \/>\n<meta name=\"twitter:site\" content=\"@Kalisio3\" \/>\n<meta name=\"twitter:label1\" content=\"Est. reading time\" \/>\n\t<meta name=\"twitter:data1\" content=\"6 minutes\" \/>\n<script type=\"application\/ld+json\" class=\"yoast-schema-graph\">{\"@context\":\"https:\/\/schema.org\",\"@graph\":[{\"@type\":\"WebPage\",\"@id\":\"https:\/\/10.2.1.124:8443\/politique-de-confidentialite\/\",\"url\":\"https:\/\/10.2.1.124:8443\/politique-de-confidentialite\/\",\"name\":\"Politique de confidentialit\u00e9 - Kalisio\",\"isPartOf\":{\"@id\":\"https:\/\/kalisio.com\/#website\"},\"datePublished\":\"2023-10-12T15:41:24+00:00\",\"dateModified\":\"2024-09-03T07:34:09+00:00\",\"description\":\"La pr\u00e9sente Politique ne s\u2019applique qu\u2019aux Visiteurs des Sites Web.Si vous visitez les sites Web, les r\u00e8gles suivantes s\u2019appliquent \u00e0 vous.\",\"breadcrumb\":{\"@id\":\"https:\/\/10.2.1.124:8443\/politique-de-confidentialite\/#breadcrumb\"},\"inLanguage\":\"en-US\",\"potentialAction\":[{\"@type\":\"ReadAction\",\"target\":[\"https:\/\/10.2.1.124:8443\/politique-de-confidentialite\/\"]}]},{\"@type\":\"BreadcrumbList\",\"@id\":\"https:\/\/10.2.1.124:8443\/politique-de-confidentialite\/#breadcrumb\",\"itemListElement\":[{\"@type\":\"ListItem\",\"position\":1,\"name\":\"Home\",\"item\":\"https:\/\/kalisio.com\/\"},{\"@type\":\"ListItem\",\"position\":2,\"name\":\"Politique de confidentialit\u00e9\"}]},{\"@type\":\"WebSite\",\"@id\":\"https:\/\/kalisio.com\/#website\",\"url\":\"https:\/\/kalisio.com\/\",\"name\":\"Kalisio\",\"description\":\"Accueil\",\"publisher\":{\"@id\":\"https:\/\/kalisio.com\/#organization\"},\"alternateName\":\"Kalisio\",\"potentialAction\":[{\"@type\":\"SearchAction\",\"target\":{\"@type\":\"EntryPoint\",\"urlTemplate\":\"https:\/\/kalisio.com\/?s={search_term_string}\"},\"query-input\":{\"@type\":\"PropertyValueSpecification\",\"valueRequired\":true,\"valueName\":\"search_term_string\"}}],\"inLanguage\":\"en-US\"},{\"@type\":\"Organization\",\"@id\":\"https:\/\/kalisio.com\/#organization\",\"name\":\"Kalisio\",\"url\":\"https:\/\/kalisio.com\/\",\"logo\":{\"@type\":\"ImageObject\",\"inLanguage\":\"en-US\",\"@id\":\"https:\/\/kalisio.com\/#\/schema\/logo\/image\/\",\"url\":\"https:\/\/kalisio.com\/wp-content\/uploads\/2024\/08\/kalisio-logo-web-color.png\",\"contentUrl\":\"https:\/\/kalisio.com\/wp-content\/uploads\/2024\/08\/kalisio-logo-web-color.png\",\"width\":301,\"height\":121,\"caption\":\"Kalisio\"},\"image\":{\"@id\":\"https:\/\/kalisio.com\/#\/schema\/logo\/image\/\"},\"sameAs\":[\"https:\/\/x.com\/Kalisio3\"]}]}<\/script>\n<!-- \/ Yoast SEO plugin. -->","yoast_head_json":{"title":"Politique de confidentialit\u00e9 - Kalisio","description":"La pr\u00e9sente Politique ne s\u2019applique qu\u2019aux Visiteurs des Sites Web.Si vous visitez les sites Web, les r\u00e8gles suivantes s\u2019appliquent \u00e0 vous.","robots":{"index":"index","follow":"follow","max-snippet":"max-snippet:-1","max-image-preview":"max-image-preview:large","max-video-preview":"max-video-preview:-1"},"canonical":"https:\/\/10.2.1.124:8443\/politique-de-confidentialite\/","og_locale":"en_US","og_type":"article","og_title":"Politique de confidentialit\u00e9 - Kalisio","og_description":"La pr\u00e9sente Politique ne s\u2019applique qu\u2019aux Visiteurs des Sites Web.Si vous visitez les sites Web, les r\u00e8gles suivantes s\u2019appliquent \u00e0 vous.","og_url":"https:\/\/10.2.1.124:8443\/politique-de-confidentialite\/","og_site_name":"Kalisio","article_modified_time":"2024-09-03T07:34:09+00:00","twitter_card":"summary_large_image","twitter_site":"@Kalisio3","twitter_misc":{"Est. reading time":"6 minutes"},"schema":{"@context":"https:\/\/schema.org","@graph":[{"@type":"WebPage","@id":"https:\/\/10.2.1.124:8443\/politique-de-confidentialite\/","url":"https:\/\/10.2.1.124:8443\/politique-de-confidentialite\/","name":"Politique de confidentialit\u00e9 - Kalisio","isPartOf":{"@id":"https:\/\/kalisio.com\/#website"},"datePublished":"2023-10-12T15:41:24+00:00","dateModified":"2024-09-03T07:34:09+00:00","description":"La pr\u00e9sente Politique ne s\u2019applique qu\u2019aux Visiteurs des Sites Web.Si vous visitez les sites Web, les r\u00e8gles suivantes s\u2019appliquent \u00e0 vous.","breadcrumb":{"@id":"https:\/\/10.2.1.124:8443\/politique-de-confidentialite\/#breadcrumb"},"inLanguage":"en-US","potentialAction":[{"@type":"ReadAction","target":["https:\/\/10.2.1.124:8443\/politique-de-confidentialite\/"]}]},{"@type":"BreadcrumbList","@id":"https:\/\/10.2.1.124:8443\/politique-de-confidentialite\/#breadcrumb","itemListElement":[{"@type":"ListItem","position":1,"name":"Home","item":"https:\/\/kalisio.com\/"},{"@type":"ListItem","position":2,"name":"Politique de confidentialit\u00e9"}]},{"@type":"WebSite","@id":"https:\/\/kalisio.com\/#website","url":"https:\/\/kalisio.com\/","name":"Kalisio","description":"Accueil","publisher":{"@id":"https:\/\/kalisio.com\/#organization"},"alternateName":"Kalisio","potentialAction":[{"@type":"SearchAction","target":{"@type":"EntryPoint","urlTemplate":"https:\/\/kalisio.com\/?s={search_term_string}"},"query-input":{"@type":"PropertyValueSpecification","valueRequired":true,"valueName":"search_term_string"}}],"inLanguage":"en-US"},{"@type":"Organization","@id":"https:\/\/kalisio.com\/#organization","name":"Kalisio","url":"https:\/\/kalisio.com\/","logo":{"@type":"ImageObject","inLanguage":"en-US","@id":"https:\/\/kalisio.com\/#\/schema\/logo\/image\/","url":"https:\/\/kalisio.com\/wp-content\/uploads\/2024\/08\/kalisio-logo-web-color.png","contentUrl":"https:\/\/kalisio.com\/wp-content\/uploads\/2024\/08\/kalisio-logo-web-color.png","width":301,"height":121,"caption":"Kalisio"},"image":{"@id":"https:\/\/kalisio.com\/#\/schema\/logo\/image\/"},"sameAs":["https:\/\/x.com\/Kalisio3"]}]}},"_links":{"self":[{"href":"https:\/\/kalisio.com\/en\/wp-json\/wp\/v2\/pages\/3"}],"collection":[{"href":"https:\/\/kalisio.com\/en\/wp-json\/wp\/v2\/pages"}],"about":[{"href":"https:\/\/kalisio.com\/en\/wp-json\/wp\/v2\/types\/page"}],"author":[{"embeddable":true,"href":"https:\/\/kalisio.com\/en\/wp-json\/wp\/v2\/users\/1"}],"replies":[{"embeddable":true,"href":"https:\/\/kalisio.com\/en\/wp-json\/wp\/v2\/comments?post=3"}],"version-history":[{"count":9,"href":"https:\/\/kalisio.com\/en\/wp-json\/wp\/v2\/pages\/3\/revisions"}],"predecessor-version":[{"id":1350,"href":"https:\/\/kalisio.com\/en\/wp-json\/wp\/v2\/pages\/3\/revisions\/1350"}],"wp:attachment":[{"href":"https:\/\/kalisio.com\/en\/wp-json\/wp\/v2\/media?parent=3"}],"curies":[{"name":"wp","href":"https:\/\/api.w.org\/{rel}","templated":true}]}}